{"id":119,"date":"2021-03-24T09:23:51","date_gmt":"2021-03-24T09:23:51","guid":{"rendered":"https:\/\/parroquiacanaveral.archimadrid.es\/?page_id=119"},"modified":"2023-04-22T22:41:47","modified_gmt":"2023-04-22T20:41:47","slug":"liturgia","status":"publish","type":"page","link":"https:\/\/parroquiacanaveral.archimadrid.es\/index.php\/liturgia\/","title":{"rendered":"Liturgia"},"content":{"rendered":"[et_pb_section fb_built=\u00bb1&#8243; _builder_version=\u00bb3.22&#8243; global_colors_info=\u00bb{}\u00bb][et_pb_row _builder_version=\u00bb4.9.4&#8243; background_size=\u00bbinitial\u00bb background_position=\u00bbtop_left\u00bb background_repeat=\u00bbrepeat\u00bb custom_margin=\u00bb|auto|-28px|auto||\u00bb global_colors_info=\u00bb{}\u00bb][et_pb_column type=\u00bb4_4&#8243; _builder_version=\u00bb3.25&#8243; custom_padding=\u00bb|||\u00bb global_colors_info=\u00bb{}\u00bb custom_padding__hover=\u00bb|||\u00bb][et_pb_text _builder_version=\u00bb3.27.4&#8243; background_size=\u00bbinitial\u00bb background_position=\u00bbtop_left\u00bb background_repeat=\u00bbrepeat\u00bb custom_margin=\u00bb||25px|||\u00bb global_colors_info=\u00bb{}\u00bb]<p><\/p>\n<p><\/p>\n<p class=\"has-vivid-cyan-blue-color has-text-color\">\u00a0 \u00a0 Ver en la p\u00e1gina de inicio la liturgia del d\u00eda<\/p>\n<p><\/p>[\/et_pb_text][\/et_pb_column][\/et_pb_row][et_pb_row _builder_version=\u00bb4.14.7&#8243; _module_preset=\u00bbdefault\u00bb hover_enabled=\u00bb0&#8243; global_colors_info=\u00bb{}\u00bb sticky_enabled=\u00bb0&#8243;][et_pb_column type=\u00bb4_4&#8243; _builder_version=\u00bb4.9.4&#8243; _module_preset=\u00bbdefault\u00bb global_colors_info=\u00bb{}\u00bb][et_pb_text _builder_version=\u00bb4.14.7&#8243; _module_preset=\u00bbdefault\u00bb hover_enabled=\u00bb0&#8243; sticky_enabled=\u00bb0&#8243;]<p>Domingo 21 de mayo: <strong>La Ascensi\u00f3n<\/strong><\/p>\n<p>Domingo 28 de mayo: <strong>Pentecost\u00e9s<\/strong><\/p>\n<p>Jueves 1 de junio:<strong> Jesucristo Sumo y Eterno Sacerdote<\/strong><\/p>\n<p>Domingo 4 de junio: <span style=\"text-decoration: underline;\"><strong>Santisima Trinidad<\/strong><\/span><\/p>\n<p>Domingo 11 de junio: <strong>Sant\u00edsimo Cuerpo y Sangre de Cristo<\/strong><\/p>\n<p>Viernes 16 de junio: <strong>Sagrado Coraz\u00f3n de Jes\u00fas<\/strong><\/p>\n<p>S\u00e1bado 17 de junio: <strong>Sagrado Coraz\u00f3n de Mar\u00eda<\/strong><\/p>\n<p>&nbsp;<\/p>[\/et_pb_text][\/et_pb_column][\/et_pb_row][\/et_pb_section]","protected":false},"excerpt":{"rendered":"<p>\u00a0 \u00a0 Ver en la p\u00e1gina de inicio la liturgia del d\u00eda Domingo 21 de mayo: La Ascensi\u00f3n Domingo 28 de mayo: Pentecost\u00e9s Jueves 1 de junio: Jesucristo Sumo y Eterno Sacerdote Domingo 4 de junio: Santisima Trinidad Domingo 11 de junio: Sant\u00edsimo Cuerpo y Sangre de Cristo Viernes 16 de junio: Sagrado Coraz\u00f3n de [&hellip;]<\/p>\n","protected":false},"author":2,"featured_media":0,"parent":0,"menu_order":0,"comment_status":"closed","ping_status":"closed","template":"","meta":{"_et_pb_use_builder":"on","_et_pb_old_content":"<!-- wp:paragraph {\"textColor\":\"vivid-cyan-blue\",\"fontSize\":\"medium\"} --><!-- \/wp:paragraph --><!-- wp:paragraph {\"textColor\":\"vivid-cyan-blue\"} -->\r\n<p class=\"has-vivid-cyan-blue-color has-text-color\">Cantos<\/p>\r\n<!-- \/wp:paragraph --><!-- wp:image {\"id\":449,\"sizeSlug\":\"large\",\"linkDestination\":\"none\"} --><!-- \/wp:image --><!-- wp:image {\"id\":450,\"sizeSlug\":\"large\",\"linkDestination\":\"none\"} --><!-- \/wp:image --><!-- wp:image {\"id\":451,\"sizeSlug\":\"large\",\"linkDestination\":\"none\"} --><!-- \/wp:image --><!-- wp:image {\"id\":452,\"sizeSlug\":\"large\",\"linkDestination\":\"none\"} --><!-- \/wp:image -->","_et_gb_content_width":"","_mc_calendar":[],"footnotes":""},"class_list":["post-119","page","type-page","status-publish","hentry"],"yoast_head":"<!-- This site is optimized with the Yoast SEO plugin v24.5 - https:\/\/yoast.com\/wordpress\/plugins\/seo\/ -->\n<title>Liturgia - Parroquia padre San Jos\u00e9 Mar\u00eda Rubio Ca\u00f1averal (Vicalvaro)<\/title>\n<meta name=\"robots\" content=\"index, follow, max-snippet:-1, max-image-preview:large, max-video-preview:-1\" \/>\n<link rel=\"canonical\" href=\"https:\/\/parroquiacanaveral.archimadrid.es\/index.php\/liturgia\/\" \/>\n<meta property=\"og:locale\" content=\"es_ES\" \/>\n<meta property=\"og:type\" content=\"article\" \/>\n<meta property=\"og:title\" content=\"Liturgia - Parroquia padre San Jos\u00e9 Mar\u00eda Rubio Ca\u00f1averal (Vicalvaro)\" \/>\n<meta property=\"og:description\" content=\"\u00a0 \u00a0 Ver en la p\u00e1gina de inicio la liturgia del d\u00eda Domingo 21 de mayo: La Ascensi\u00f3n Domingo 28 de mayo: Pentecost\u00e9s Jueves 1 de junio: Jesucristo Sumo y Eterno Sacerdote Domingo 4 de junio: Santisima Trinidad Domingo 11 de junio: Sant\u00edsimo Cuerpo y Sangre de Cristo Viernes 16 de junio: Sagrado Coraz\u00f3n de [&hellip;]\" \/>\n<meta property=\"og:url\" content=\"https:\/\/parroquiacanaveral.archimadrid.es\/index.php\/liturgia\/\" \/>\n<meta property=\"og:site_name\" content=\"Parroquia padre San Jos\u00e9 Mar\u00eda Rubio Ca\u00f1averal (Vicalvaro)\" \/>\n<meta property=\"article:modified_time\" content=\"2023-04-22T20:41:47+00:00\" \/>\n<meta name=\"twitter:card\" content=\"summary_large_image\" \/>\n<meta name=\"twitter:label1\" content=\"Tiempo de lectura\" \/>\n\t<meta name=\"twitter:data1\" content=\"1 minuto\" \/>\n<script type=\"application\/ld+json\" class=\"yoast-schema-graph\">{\"@context\":\"https:\/\/schema.org\",\"@graph\":[{\"@type\":\"WebPage\",\"@id\":\"https:\/\/parroquiacanaveral.archimadrid.es\/index.php\/liturgia\/\",\"url\":\"https:\/\/parroquiacanaveral.archimadrid.es\/index.php\/liturgia\/\",\"name\":\"Liturgia - Parroquia padre San Jos\u00e9 Mar\u00eda Rubio Ca\u00f1averal (Vicalvaro)\",\"isPartOf\":{\"@id\":\"https:\/\/parroquiacanaveral.archimadrid.es\/#website\"},\"datePublished\":\"2021-03-24T09:23:51+00:00\",\"dateModified\":\"2023-04-22T20:41:47+00:00\",\"breadcrumb\":{\"@id\":\"https:\/\/parroquiacanaveral.archimadrid.es\/index.php\/liturgia\/#breadcrumb\"},\"inLanguage\":\"es\",\"potentialAction\":[{\"@type\":\"ReadAction\",\"target\":[\"https:\/\/parroquiacanaveral.archimadrid.es\/index.php\/liturgia\/\"]}]},{\"@type\":\"BreadcrumbList\",\"@id\":\"https:\/\/parroquiacanaveral.archimadrid.es\/index.php\/liturgia\/#breadcrumb\",\"itemListElement\":[{\"@type\":\"ListItem\",\"position\":1,\"name\":\"Portada\",\"item\":\"https:\/\/parroquiacanaveral.archimadrid.es\/\"},{\"@type\":\"ListItem\",\"position\":2,\"name\":\"Liturgia\"}]},{\"@type\":\"WebSite\",\"@id\":\"https:\/\/parroquiacanaveral.archimadrid.es\/#website\",\"url\":\"https:\/\/parroquiacanaveral.archimadrid.es\/\",\"name\":\"Parroquia padre San Jos\u00e9 Mar\u00eda Rubio Ca\u00f1averal (Vicalvaro)\",\"description\":\"Archidi\u00f3cesis de Madrid\",\"potentialAction\":[{\"@type\":\"SearchAction\",\"target\":{\"@type\":\"EntryPoint\",\"urlTemplate\":\"https:\/\/parroquiacanaveral.archimadrid.es\/?s={search_term_string}\"},\"query-input\":{\"@type\":\"PropertyValueSpecification\",\"valueRequired\":true,\"valueName\":\"search_term_string\"}}],\"inLanguage\":\"es\"}]}<\/script>\n<!-- \/ Yoast SEO plugin. -->","yoast_head_json":{"title":"Liturgia - Parroquia padre San Jos\u00e9 Mar\u00eda Rubio Ca\u00f1averal (Vicalvaro)","robots":{"index":"index","follow":"follow","max-snippet":"max-snippet:-1","max-image-preview":"max-image-preview:large","max-video-preview":"max-video-preview:-1"},"canonical":"https:\/\/parroquiacanaveral.archimadrid.es\/index.php\/liturgia\/","og_locale":"es_ES","og_type":"article","og_title":"Liturgia - Parroquia padre San Jos\u00e9 Mar\u00eda Rubio Ca\u00f1averal (Vicalvaro)","og_description":"\u00a0 \u00a0 Ver en la p\u00e1gina de inicio la liturgia del d\u00eda Domingo 21 de mayo: La Ascensi\u00f3n Domingo 28 de mayo: Pentecost\u00e9s Jueves 1 de junio: Jesucristo Sumo y Eterno Sacerdote Domingo 4 de junio: Santisima Trinidad Domingo 11 de junio: Sant\u00edsimo Cuerpo y Sangre de Cristo Viernes 16 de junio: Sagrado Coraz\u00f3n de [&hellip;]","og_url":"https:\/\/parroquiacanaveral.archimadrid.es\/index.php\/liturgia\/","og_site_name":"Parroquia padre San Jos\u00e9 Mar\u00eda Rubio Ca\u00f1averal (Vicalvaro)","article_modified_time":"2023-04-22T20:41:47+00:00","twitter_card":"summary_large_image","twitter_misc":{"Tiempo de lectura":"1 minuto"},"schema":{"@context":"https:\/\/schema.org","@graph":[{"@type":"WebPage","@id":"https:\/\/parroquiacanaveral.archimadrid.es\/index.php\/liturgia\/","url":"https:\/\/parroquiacanaveral.archimadrid.es\/index.php\/liturgia\/","name":"Liturgia - Parroquia padre San Jos\u00e9 Mar\u00eda Rubio Ca\u00f1averal (Vicalvaro)","isPartOf":{"@id":"https:\/\/parroquiacanaveral.archimadrid.es\/#website"},"datePublished":"2021-03-24T09:23:51+00:00","dateModified":"2023-04-22T20:41:47+00:00","breadcrumb":{"@id":"https:\/\/parroquiacanaveral.archimadrid.es\/index.php\/liturgia\/#breadcrumb"},"inLanguage":"es","potentialAction":[{"@type":"ReadAction","target":["https:\/\/parroquiacanaveral.archimadrid.es\/index.php\/liturgia\/"]}]},{"@type":"BreadcrumbList","@id":"https:\/\/parroquiacanaveral.archimadrid.es\/index.php\/liturgia\/#breadcrumb","itemListElement":[{"@type":"ListItem","position":1,"name":"Portada","item":"https:\/\/parroquiacanaveral.archimadrid.es\/"},{"@type":"ListItem","position":2,"name":"Liturgia"}]},{"@type":"WebSite","@id":"https:\/\/parroquiacanaveral.archimadrid.es\/#website","url":"https:\/\/parroquiacanaveral.archimadrid.es\/","name":"Parroquia padre San Jos\u00e9 Mar\u00eda Rubio Ca\u00f1averal (Vicalvaro)","description":"Archidi\u00f3cesis de Madrid","potentialAction":[{"@type":"SearchAction","target":{"@type":"EntryPoint","urlTemplate":"https:\/\/parroquiacanaveral.archimadrid.es\/?s={search_term_string}"},"query-input":{"@type":"PropertyValueSpecification","valueRequired":true,"valueName":"search_term_string"}}],"inLanguage":"es"}]}},"_links":{"self":[{"href":"https:\/\/parroquiacanaveral.archimadrid.es\/index.php\/wp-json\/wp\/v2\/pages\/119","targetHints":{"allow":["GET"]}}],"collection":[{"href":"https:\/\/parroquiacanaveral.archimadrid.es\/index.php\/wp-json\/wp\/v2\/pages"}],"about":[{"href":"https:\/\/parroquiacanaveral.archimadrid.es\/index.php\/wp-json\/wp\/v2\/types\/page"}],"author":[{"embeddable":true,"href":"https:\/\/parroquiacanaveral.archimadrid.es\/index.php\/wp-json\/wp\/v2\/users\/2"}],"replies":[{"embeddable":true,"href":"https:\/\/parroquiacanaveral.archimadrid.es\/index.php\/wp-json\/wp\/v2\/comments?post=119"}],"version-history":[{"count":53,"href":"https:\/\/parroquiacanaveral.archimadrid.es\/index.php\/wp-json\/wp\/v2\/pages\/119\/revisions"}],"predecessor-version":[{"id":1091,"href":"https:\/\/parroquiacanaveral.archimadrid.es\/index.php\/wp-json\/wp\/v2\/pages\/119\/revisions\/1091"}],"wp:attachment":[{"href":"https:\/\/parroquiacanaveral.archimadrid.es\/index.php\/wp-json\/wp\/v2\/media?parent=119"}],"curies":[{"name":"wp","href":"https:\/\/api.w.org\/{rel}","templated":true}]}}